{"id":82,"date":"2024-02-19T19:05:55","date_gmt":"2024-02-19T18:05:55","guid":{"rendered":"http:\/\/nouveau.papogay.fr\/?page_id=82"},"modified":"2024-02-19T21:38:03","modified_gmt":"2024-02-19T20:38:03","slug":"venir-a-rieux","status":"publish","type":"page","link":"https:\/\/ww2.papogay.fr\/index.php\/venir-a-rieux\/","title":{"rendered":"Venir \u00e0 Rieux"},"content":{"rendered":"\t\t<div data-elementor-type=\"wp-page\" data-elementor-id=\"82\" class=\"elementor elementor-82\">\n\t\t\t\t<div class=\"elementor-element elementor-element-a44cc16 e-flex e-con-boxed e-con e-parent\" data-id=\"a44cc16\" data-element_type=\"container\" data-settings=\"{&quot;content_width&quot;:&quot;boxed&quot;}\" data-core-v316-plus=\"true\">\n\t\t\t\t\t<div class=\"e-con-inner\">\n\t\t\t\t<div class=\"elementor-element elementor-element-9a8dbdd elementor-widget elementor-widget-google_maps\" data-id=\"9a8dbdd\" data-element_type=\"widget\" data-widget_type=\"google_maps.default\">\n\t\t\t\t<div class=\"elementor-widget-container\">\n\t\t\t<style>\/*! elementor - v3.19.0 - 07-02-2024 *\/\n.elementor-widget-google_maps .elementor-widget-container{overflow:hidden}.elementor-widget-google_maps .elementor-custom-embed{line-height:0}.elementor-widget-google_maps iframe{height:300px}<\/style>\t\t<div class=\"elementor-custom-embed\">\n\t\t\t<iframe loading=\"lazy\"\n\t\t\t\t\tsrc=\"https:\/\/maps.google.com\/maps?q=6%20rue%20de%20l%E2%80%99%C3%A9v%C3%AAch%C3%A9%20rieux%20&#038;t=m&#038;z=15&#038;output=embed&#038;iwloc=near\"\n\t\t\t\t\ttitle=\"6 rue de l\u2019\u00e9v\u00each\u00e9 rieux \"\n\t\t\t\t\taria-label=\"6 rue de l\u2019\u00e9v\u00each\u00e9 rieux \"\n\t\t\t><\/iframe>\n\t\t<\/div>\n\t\t\t\t<\/div>\n\t\t\t\t<\/div>\n\t\t\t\t\t<\/div>\n\t\t\t\t<\/div>\n\t\t<div class=\"elementor-element elementor-element-8b003b8 e-flex e-con-boxed e-con e-parent\" data-id=\"8b003b8\" data-element_type=\"container\" data-settings=\"{&quot;content_width&quot;:&quot;boxed&quot;}\" data-core-v316-plus=\"true\">\n\t\t\t\t\t<div class=\"e-con-inner\">\n\t\t\t\t<div class=\"elementor-element elementor-element-2f3e138 elementor-widget elementor-widget-text-editor\" data-id=\"2f3e138\" data-element_type=\"widget\" data-widget_type=\"text-editor.default\">\n\t\t\t\t<div class=\"elementor-widget-container\">\n\t\t\t<style>\/*! elementor - v3.19.0 - 07-02-2024 *\/\n.elementor-widget-text-editor.elementor-drop-cap-view-stacked .elementor-drop-cap{background-color:#69727d;color:#fff}.elementor-widget-text-editor.elementor-drop-cap-view-framed .elementor-drop-cap{color:#69727d;border:3px solid;background-color:transparent}.elementor-widget-text-editor:not(.elementor-drop-cap-view-default) .elementor-drop-cap{margin-top:8px}.elementor-widget-text-editor:not(.elementor-drop-cap-view-default) .elementor-drop-cap-letter{width:1em;height:1em}.elementor-widget-text-editor .elementor-drop-cap{float:left;text-align:center;line-height:1;font-size:50px}.elementor-widget-text-editor .elementor-drop-cap-letter{display:inline-block}<\/style>\t\t\t\t<p>De multiples moyens de transports s\u2019offrent \u00e0 vous :<\/p><ul><li>le bus n\u00b0359 : <a href=\"https:\/\/www.arize-leze.fr\/IMG\/pdf\/ligne_359.pdf\">voir les horaires ici\u00a0<\/a><\/li><li>le train \u00e0 la gare de Carbonne<\/li><li>la voiture par l\u2019A69<\/li><li>l\u2019oiseau par les airs (\u00e0 50 km \u00e0 vol d\u2019oiseau).\u00a0<br \/><br \/><\/li><\/ul><p>Pendant les f\u00eates, le centre du village n\u2019est pas accessible en voiture. Nous vous conseillons donc de vous garer \u00e0 l\u2019ext\u00e9rieur du bourg.<\/p>\t\t\t\t\t\t<\/div>\n\t\t\t\t<\/div>\n\t\t\t\t\t<\/div>\n\t\t\t\t<\/div>\n\t\t\t\t<\/div>\n\t\t","protected":false},"excerpt":{"rendered":"<p>De multiples moyens de transports s\u2019offrent \u00e0 vous : le bus n\u00b0359 : voir les horaires ici\u00a0 le train \u00e0 la gare de Carbonne la voiture par l\u2019A69 l\u2019oiseau par les airs (\u00e0 50 km \u00e0 vol d\u2019oiseau).\u00a0 Pendant les f\u00eates, le centre du village n\u2019est pas accessible en voiture. Nous vous conseillons donc de &hellip; <\/p>\n<p class=\"link-more\"><a href=\"https:\/\/ww2.papogay.fr\/index.php\/venir-a-rieux\/\" class=\"more-link\">Continue reading<span class=\"screen-reader-text\"> &#8220;Venir \u00e0 Rieux&#8221;<\/span><\/a><\/p>\n","protected":false},"author":2,"featured_media":0,"parent":0,"menu_order":0,"comment_status":"closed","ping_status":"closed","template":"","meta":{"footnotes":""},"class_list":["post-82","page","type-page","status-publish","hentry"],"_links":{"self":[{"href":"https:\/\/ww2.papogay.fr\/index.php\/wp-json\/wp\/v2\/pages\/82","targetHints":{"allow":["GET"]}}],"collection":[{"href":"https:\/\/ww2.papogay.fr\/index.php\/wp-json\/wp\/v2\/pages"}],"about":[{"href":"https:\/\/ww2.papogay.fr\/index.php\/wp-json\/wp\/v2\/types\/page"}],"author":[{"embeddable":true,"href":"https:\/\/ww2.papogay.fr\/index.php\/wp-json\/wp\/v2\/users\/2"}],"replies":[{"embeddable":true,"href":"https:\/\/ww2.papogay.fr\/index.php\/wp-json\/wp\/v2\/comments?post=82"}],"version-history":[{"count":19,"href":"https:\/\/ww2.papogay.fr\/index.php\/wp-json\/wp\/v2\/pages\/82\/revisions"}],"predecessor-version":[{"id":152,"href":"https:\/\/ww2.papogay.fr\/index.php\/wp-json\/wp\/v2\/pages\/82\/revisions\/152"}],"wp:attachment":[{"href":"https:\/\/ww2.papogay.fr\/index.php\/wp-json\/wp\/v2\/media?parent=82"}],"curies":[{"name":"wp","href":"https:\/\/api.w.org\/{rel}","templated":true}]}}