{"id":69,"date":"2024-02-19T18:49:33","date_gmt":"2024-02-19T17:49:33","guid":{"rendered":"http:\/\/nouveau.papogay.fr\/?page_id=69"},"modified":"2024-05-26T21:47:06","modified_gmt":"2024-05-26T19:47:06","slug":"le-palmares-historique","status":"publish","type":"page","link":"https:\/\/ww2.papogay.fr\/index.php\/le-palmares-historique\/","title":{"rendered":"Le palmar\u00e8s historique"},"content":{"rendered":"\t\t<div data-elementor-type=\"wp-page\" data-elementor-id=\"69\" class=\"elementor elementor-69\">\n\t\t\t\t<div class=\"elementor-element elementor-element-5fbb15c e-flex e-con-boxed e-con e-parent\" data-id=\"5fbb15c\" data-element_type=\"container\" data-settings=\"{&quot;content_width&quot;:&quot;boxed&quot;}\" data-core-v316-plus=\"true\">\n\t\t\t\t\t<div class=\"e-con-inner\">\n\t\t\t\t<div class=\"elementor-element elementor-element-61631eb elementor-widget elementor-widget-text-editor\" data-id=\"61631eb\" data-element_type=\"widget\" data-widget_type=\"text-editor.default\">\n\t\t\t\t<div class=\"elementor-widget-container\">\n\t\t\t<style>\/*! elementor - v3.19.0 - 07-02-2024 *\/\n.elementor-widget-text-editor.elementor-drop-cap-view-stacked .elementor-drop-cap{background-color:#69727d;color:#fff}.elementor-widget-text-editor.elementor-drop-cap-view-framed .elementor-drop-cap{color:#69727d;border:3px solid;background-color:transparent}.elementor-widget-text-editor:not(.elementor-drop-cap-view-default) .elementor-drop-cap{margin-top:8px}.elementor-widget-text-editor:not(.elementor-drop-cap-view-default) .elementor-drop-cap-letter{width:1em;height:1em}.elementor-widget-text-editor .elementor-drop-cap{float:left;text-align:center;line-height:1;font-size:50px}.elementor-widget-text-editor .elementor-drop-cap-letter{display:inline-block}<\/style>\t\t\t\t<p>La Compagnie des archers du Papogay compte plusieurs titres dans son palmar\u00e8s.<\/p><p><strong>Le titre de Roi du Papogay<\/strong> (Re\u00ef del Papaga\u00ef) de la Compagnie des Archers du Papogay sera d\u00e9cern\u00e9 \u00e0 l\u2019archer qui aura fait tomber l\u2019oiseau une fois dans la cat\u00e9gorie s\u00e9niors.<\/p><p><strong>Le conn\u00e9table<\/strong> sera le meilleur score \u00e0 la cible. Il sera suivit par l\u2019huissier, deuxi\u00e8me meilleur score.<\/p><p>Le roi, le conn\u00e9table et l\u2019huissier repr\u00e9sentent le trio du palmar\u00e8s de chaque cat\u00e9gorie : <br \/>les petits archers sont \u00e2g\u00e9s de 7 \u00e0 12 ans, les moyens de 13 \u00e0 17 ans et les adultes, d\u00e8s l\u2019\u00e2ge de leur majorit\u00e9.<\/p>\t\t\t\t\t\t<\/div>\n\t\t\t\t<\/div>\n\t\t\t\t<div class=\"elementor-element elementor-element-517aa71 elementor-view-default elementor-widget elementor-widget-icon\" data-id=\"517aa71\" data-element_type=\"widget\" data-widget_type=\"icon.default\">\n\t\t\t\t<div class=\"elementor-widget-container\">\n\t\t\t\t\t<div class=\"elementor-icon-wrapper\">\n\t\t\t<div class=\"elementor-icon\">\n\t\t\t<svg xmlns=\"http:\/\/www.w3.org\/2000\/svg\" id=\"Calque_2\" data-name=\"Calque 2\" viewBox=\"0 0 595.28 557.53\"><defs><style>      .cls-1 {        stroke: #ffde00;        stroke-linecap: round;        stroke-linejoin: round;        stroke-width: 4px;      }      .cls-1, .cls-2 {        fill: #00983a;      }      .cls-2 {        stroke-width: 0px;      }    <\/style><\/defs><circle class=\"cls-2\" cx=\"294.51\" cy=\"275.37\" r=\"242.24\"><\/circle><g><polyline class=\"cls-1\" points=\"256.87 334.7 235.01 361.86 222.09 364.97 183.41 413.69 197.98 414.33 201.76 429.44 240.27 379.65 241.02 366.68 257.93 345.48\"><\/polyline><path class=\"cls-1\" d=\"M442.82,233.89c-13.19-6.26-39.98-29.94-70.15-26.22-30.17,3.73-49.06,12.16-58.11,4.58-12.81-10.73,9.78-28.86,10.39-43.62.73-17.54-6.58-21.81-14.19-33.92-7.62-12.12-5.83-26.66,1.38-35.66-28.04,0-19.04,25.62-29.42,34.96-11.22,10.1-20.08,20.77-13.85,36,7.56,18.48,16.96,31.16,5.58,42.16-10.01,9.68-30.07-1.7-57.12-4.5-20.29-2.1-57.73,19.77-71.14,26.14-41.19,19.56-64.56,22.06-61.96,28.91,3.39,8.95,16.66,8.48,30.96,4.89h0s0,0,0,0c19.98-5.02,41.99-16.12,41.99-16.12,0,0-22.01,11.1-41.99,16.12,1.14,12.23,9.36,16.89,19.65,14.83s43.79-20.57,43.79-20.57c0,0-33.5,18.51-43.79,20.57,5,17.34,22.04,7.05,22.04,7.05l37.91-22.34-37.91,22.34c6.3,13.22,21.75,4.41,21.75,4.41l32.33-21.16-32.33,21.16c4.7,12.34,21.45,2.87,21.45,2.87l25.27-16.94-25.27,16.94c5.57,13.27,17.63,5.65,17.63,5.65l20.57-15.28-20.57,15.28c5.58,7.35,13.52,6.76,17.93,4.11s12.05-9.76,12.05-9.76c0,0,11.15,38.04,10.2,49.44-1.87,22.49-13.98,32.78-28.83,63.99-4.19,8.81-3.8,20.27-.63,21.86,3.17,1.58,21.54-9.19,21.54-9.19,0,0,4.87,17.74,7.98,19.01,3.11,1.27,19.9-14.25,19.9-14.25,0,0,11.49,23.92,16.47,24.07,4.98.16,16.86-24,16.86-24,0,0,16.79,15.52,19.9,14.25,3.11-1.27,7.98-19.01,7.98-19.01,0,0,18.37,10.77,21.54,9.19s3.56-13.05-.63-21.86c-14.85-31.21-26.95-41.5-28.83-63.99-.95-11.4,10.2-49.44,10.2-49.44,0,0,7.64,7.12,12.05,9.76s12.34,3.23,17.93-4.11l-20.57-15.28,20.57,15.28s12.07,7.63,17.63-5.65l-25.27-16.94,25.27,16.94s16.75,9.47,21.45-2.87l-32.33-21.16,32.33,21.16s15.44,8.81,21.75-4.41l-37.91-22.34,37.91,22.34s17.05,10.29,22.04-7.05c-10.29-2.06-43.79-20.57-43.79-20.57,0,0,33.5,18.51,43.79,20.57,10.29,2.06,18.51-2.6,19.65-14.83-19.98-5.02-41.99-16.12-41.99-16.12,0,0,22.01,11.1,41.99,16.12h0s0,0,0,0c14.3,3.59,27.57,4.07,30.96-4.89,2.59-6.85-20.77-9.35-61.96-28.91Z\"><\/path><path class=\"cls-1\" d=\"M313.29,278.79c3.84,4.38,6.25,10.06,6.47,16.34.52,14.48-10.8,26.63-25.28,27.15-14.48.52-26.63-10.8-27.15-25.28-.52-14.48,10.8-26.63,25.28-27.15,4.61-.16,8.99.87,12.83,2.83\"><\/path><g><polyline class=\"cls-1\" points=\"274.89 312.13 372.5 190.39 362.67 187.12 406.36 156.05 383.34 204 378.37 195.58 280.87 317.04\"><\/polyline><polyline class=\"cls-1\" points=\"378.37 195.58 376.31 191.41 406.36 156.05\"><\/polyline><line class=\"cls-1\" x1=\"372.5\" y1=\"190.39\" x2=\"376.31\" y2=\"191.41\"><\/line><\/g><path class=\"cls-1\" d=\"M279.22,318.04c-2.46-1.59-4.63-3.58-6.43-5.88\"><\/path><\/g><\/svg>\t\t\t<\/div>\n\t\t<\/div>\n\t\t\t\t<\/div>\n\t\t\t\t<\/div>\n\t\t\t\t\t<\/div>\n\t\t\t\t<\/div>\n\t\t<div class=\"elementor-element elementor-element-be2f3d6 e-flex e-con-boxed e-con e-parent\" data-id=\"be2f3d6\" data-element_type=\"container\" data-settings=\"{&quot;content_width&quot;:&quot;boxed&quot;}\" data-core-v316-plus=\"true\">\n\t\t\t\t\t<div class=\"e-con-inner\">\n\t\t\t\t<div class=\"elementor-element elementor-element-7838c25 elementor-widget elementor-widget-heading\" data-id=\"7838c25\" data-element_type=\"widget\" data-widget_type=\"heading.default\">\n\t\t\t\t<div class=\"elementor-widget-container\">\n\t\t\t<style>\/*! elementor - v3.19.0 - 07-02-2024 *\/\n.elementor-heading-title{padding:0;margin:0;line-height:1}.elementor-widget-heading .elementor-heading-title[class*=elementor-size-]>a{color:inherit;font-size:inherit;line-height:inherit}.elementor-widget-heading .elementor-heading-title.elementor-size-small{font-size:15px}.elementor-widget-heading .elementor-heading-title.elementor-size-medium{font-size:19px}.elementor-widget-heading .elementor-heading-title.elementor-size-large{font-size:29px}.elementor-widget-heading .elementor-heading-title.elementor-size-xl{font-size:39px}.elementor-widget-heading .elementor-heading-title.elementor-size-xxl{font-size:59px}<\/style><h2 class=\"elementor-heading-title elementor-size-default\">CERTAINS PRENNENT VITE GO\u00dbT AU TR\u00d4NE...<\/h2>\t\t<\/div>\n\t\t\t\t<\/div>\n\t\t\t\t<div class=\"elementor-element elementor-element-1d0f34c elementor-widget elementor-widget-image\" data-id=\"1d0f34c\" data-element_type=\"widget\" data-widget_type=\"image.default\">\n\t\t\t\t<div class=\"elementor-widget-container\">\n\t\t\t<style>\/*! elementor - v3.19.0 - 07-02-2024 *\/\n.elementor-widget-image{text-align:center}.elementor-widget-image a{display:inline-block}.elementor-widget-image a img[src$=\".svg\"]{width:48px}.elementor-widget-image img{vertical-align:middle;display:inline-block}<\/style>\t\t\t\t\t\t\t\t\t\t<img fetchpriority=\"high\" decoding=\"async\" width=\"1707\" height=\"2560\" src=\"https:\/\/ww2.papogay.fr\/wp-content\/uploads\/2024\/05\/papogay-2024-Pamestla-photographe-788-scaled.jpg\" class=\"attachment-full size-full wp-image-644\" alt=\"\" srcset=\"https:\/\/ww2.papogay.fr\/wp-content\/uploads\/2024\/05\/papogay-2024-Pamestla-photographe-788-scaled.jpg 1707w, https:\/\/ww2.papogay.fr\/wp-content\/uploads\/2024\/05\/papogay-2024-Pamestla-photographe-788-200x300.jpg 200w, https:\/\/ww2.papogay.fr\/wp-content\/uploads\/2024\/05\/papogay-2024-Pamestla-photographe-788-683x1024.jpg 683w, https:\/\/ww2.papogay.fr\/wp-content\/uploads\/2024\/05\/papogay-2024-Pamestla-photographe-788-768x1152.jpg 768w, https:\/\/ww2.papogay.fr\/wp-content\/uploads\/2024\/05\/papogay-2024-Pamestla-photographe-788-1024x1536.jpg 1024w, https:\/\/ww2.papogay.fr\/wp-content\/uploads\/2024\/05\/papogay-2024-Pamestla-photographe-788-1365x2048.jpg 1365w\" sizes=\"100vw\" \/>\t\t\t\t\t\t\t\t\t\t\t\t\t<\/div>\n\t\t\t\t<\/div>\n\t\t\t\t<div class=\"elementor-element elementor-element-34def36 elementor-widget elementor-widget-heading\" data-id=\"34def36\" data-element_type=\"widget\" data-widget_type=\"heading.default\">\n\t\t\t\t<div class=\"elementor-widget-container\">\n\t\t\t<h2 class=\"elementor-heading-title elementor-size-default\">Mar\u00e9chal des Logis (2 fois Roi du Papogay)<\/h2>\t\t<\/div>\n\t\t\t\t<\/div>\n\t\t\t\t<div class=\"elementor-element elementor-element-e6a5ec5 elementor-widget elementor-widget-text-editor\" data-id=\"e6a5ec5\" data-element_type=\"widget\" data-widget_type=\"text-editor.default\">\n\t\t\t\t<div class=\"elementor-widget-container\">\n\t\t\t\t\t\t\t<p><i><strong>Le titre de Mar\u00e9chal des logis de la Compagnie des Archers du Papogay<\/strong> sera d\u00e9cern\u00e9 <\/i><i>\u00e0 l\u2019archer qui aura \u00e9t\u00e9 Roi au moins deux fois, dans la cat\u00e9gorie des s\u00e9niors.<\/i><\/p>\t\t\t\t\t\t<\/div>\n\t\t\t\t<\/div>\n\t\t\t\t<div class=\"elementor-element elementor-element-48f5c8e elementor-widget elementor-widget-text-editor\" data-id=\"48f5c8e\" data-element_type=\"widget\" data-widget_type=\"text-editor.default\">\n\t\t\t\t<div class=\"elementor-widget-container\">\n\t\t\t\t\t\t\t<p><i>Christian Viaud : 1984, 1987.<br \/><\/i><i>Christian Bazy : 1991, 1994.<br \/><\/i><i>Serge Picard : 1997, 2004.<br \/><\/i><i>\u00c9ric Hizette : 2005, 2008.<br \/><\/i><i>Christian Peres : 1976, 2009.<br \/><\/i><i>Nicolas Faur\u00e9 : 2002, 2016.<\/i><\/p>\t\t\t\t\t\t<\/div>\n\t\t\t\t<\/div>\n\t\t\t\t<div class=\"elementor-element elementor-element-50143c2 elementor-widget elementor-widget-heading\" data-id=\"50143c2\" data-element_type=\"widget\" data-widget_type=\"heading.default\">\n\t\t\t\t<div class=\"elementor-widget-container\">\n\t\t\t<h2 class=\"elementor-heading-title elementor-size-default\">Chevalier (3 fois Roi du Papogay)<\/h2>\t\t<\/div>\n\t\t\t\t<\/div>\n\t\t\t\t<div class=\"elementor-element elementor-element-65631b4 elementor-widget elementor-widget-text-editor\" data-id=\"65631b4\" data-element_type=\"widget\" data-widget_type=\"text-editor.default\">\n\t\t\t\t<div class=\"elementor-widget-container\">\n\t\t\t\t\t\t\t<p><i>Le titre de <strong>Chevalier de la Compagnie des Archers du Papogay<\/strong> sera d\u00e9cern\u00e9 \u00e0 l\u2019archer <\/i><i>qui aura \u00e9t\u00e9 Roi au moins trois fois, dans la cat\u00e9gorie des s\u00e9niors.<\/i><\/p>\t\t\t\t\t\t<\/div>\n\t\t\t\t<\/div>\n\t\t\t\t<div class=\"elementor-element elementor-element-4bcf7a6 elementor-widget elementor-widget-text-editor\" data-id=\"4bcf7a6\" data-element_type=\"widget\" data-widget_type=\"text-editor.default\">\n\t\t\t\t<div class=\"elementor-widget-container\">\n\t\t\t\t\t\t\t<p><i>Andr\u00e9 Lac : 1966, 1967, 1973.<br \/><\/i><i style=\"font-family: var( --e-global-typography-text-font-family ), Sans-serif; text-align: var(--text-align); font-size: 1rem;\">Bertrand Cazarr\u00e9 : 1960, 1961, 1982.<br \/><\/i><i>Gilbert Dega : 1993, 2000, 2007.<br \/><\/i><i>Nicolas Desclaux : 2006, 2012, 2014.<\/i><\/p>\t\t\t\t\t\t<\/div>\n\t\t\t\t<\/div>\n\t\t\t\t<div class=\"elementor-element elementor-element-f991eb3 elementor-widget elementor-widget-heading\" data-id=\"f991eb3\" data-element_type=\"widget\" data-widget_type=\"heading.default\">\n\t\t\t\t<div class=\"elementor-widget-container\">\n\t\t\t<h2 class=\"elementor-heading-title elementor-size-default\">Grand Chevalier (plus de 3 fois Roi du Papogay)<\/h2>\t\t<\/div>\n\t\t\t\t<\/div>\n\t\t\t\t<div class=\"elementor-element elementor-element-baebaa7 elementor-widget elementor-widget-text-editor\" data-id=\"baebaa7\" data-element_type=\"widget\" data-widget_type=\"text-editor.default\">\n\t\t\t\t<div class=\"elementor-widget-container\">\n\t\t\t\t\t\t\t<p><i>Le titre de <strong>Grand Chevalier de la Compagnie des Archers du Papogay<\/strong> sera d\u00e9cern\u00e9 \u00e0 <\/i><i>l\u2019archer qui aura \u00e9t\u00e9 Roi au moins quatre fois, dans la cat\u00e9gorie des s\u00e9niors.<\/i><\/p>\t\t\t\t\t\t<\/div>\n\t\t\t\t<\/div>\n\t\t\t\t<div class=\"elementor-element elementor-element-92b6608 elementor-widget elementor-widget-text-editor\" data-id=\"92b6608\" data-element_type=\"widget\" data-widget_type=\"text-editor.default\">\n\t\t\t\t<div class=\"elementor-widget-container\">\n\t\t\t\t\t\t\t<p><i>Louis Gendreau (4 fois Roi) : 1950, 1953, 1958, 1969.<br \/><\/i><i>\u00c9mile Faur\u00e9 (7 fois Roi) : 1971, 1972, 1974, 1979, 1980, 1981, 1992.<\/i><\/p>\t\t\t\t\t\t<\/div>\n\t\t\t\t<\/div>\n\t\t\t\t<div class=\"elementor-element elementor-element-a99a780 elementor-view-default elementor-widget elementor-widget-icon\" data-id=\"a99a780\" data-element_type=\"widget\" data-widget_type=\"icon.default\">\n\t\t\t\t<div class=\"elementor-widget-container\">\n\t\t\t\t\t<div class=\"elementor-icon-wrapper\">\n\t\t\t<div class=\"elementor-icon\">\n\t\t\t<svg xmlns=\"http:\/\/www.w3.org\/2000\/svg\" id=\"Calque_2\" data-name=\"Calque 2\" viewBox=\"0 0 595.28 557.53\"><defs><style>      .cls-1 {        stroke: #ffde00;        stroke-linecap: round;        stroke-linejoin: round;        stroke-width: 4px;      }      .cls-1, .cls-2 {        fill: #00983a;      }      .cls-2 {        stroke-width: 0px;      }    <\/style><\/defs><circle class=\"cls-2\" cx=\"294.51\" cy=\"275.37\" r=\"242.24\"><\/circle><g><polyline class=\"cls-1\" points=\"256.87 334.7 235.01 361.86 222.09 364.97 183.41 413.69 197.98 414.33 201.76 429.44 240.27 379.65 241.02 366.68 257.93 345.48\"><\/polyline><path class=\"cls-1\" d=\"M442.82,233.89c-13.19-6.26-39.98-29.94-70.15-26.22-30.17,3.73-49.06,12.16-58.11,4.58-12.81-10.73,9.78-28.86,10.39-43.62.73-17.54-6.58-21.81-14.19-33.92-7.62-12.12-5.83-26.66,1.38-35.66-28.04,0-19.04,25.62-29.42,34.96-11.22,10.1-20.08,20.77-13.85,36,7.56,18.48,16.96,31.16,5.58,42.16-10.01,9.68-30.07-1.7-57.12-4.5-20.29-2.1-57.73,19.77-71.14,26.14-41.19,19.56-64.56,22.06-61.96,28.91,3.39,8.95,16.66,8.48,30.96,4.89h0s0,0,0,0c19.98-5.02,41.99-16.12,41.99-16.12,0,0-22.01,11.1-41.99,16.12,1.14,12.23,9.36,16.89,19.65,14.83s43.79-20.57,43.79-20.57c0,0-33.5,18.51-43.79,20.57,5,17.34,22.04,7.05,22.04,7.05l37.91-22.34-37.91,22.34c6.3,13.22,21.75,4.41,21.75,4.41l32.33-21.16-32.33,21.16c4.7,12.34,21.45,2.87,21.45,2.87l25.27-16.94-25.27,16.94c5.57,13.27,17.63,5.65,17.63,5.65l20.57-15.28-20.57,15.28c5.58,7.35,13.52,6.76,17.93,4.11s12.05-9.76,12.05-9.76c0,0,11.15,38.04,10.2,49.44-1.87,22.49-13.98,32.78-28.83,63.99-4.19,8.81-3.8,20.27-.63,21.86,3.17,1.58,21.54-9.19,21.54-9.19,0,0,4.87,17.74,7.98,19.01,3.11,1.27,19.9-14.25,19.9-14.25,0,0,11.49,23.92,16.47,24.07,4.98.16,16.86-24,16.86-24,0,0,16.79,15.52,19.9,14.25,3.11-1.27,7.98-19.01,7.98-19.01,0,0,18.37,10.77,21.54,9.19s3.56-13.05-.63-21.86c-14.85-31.21-26.95-41.5-28.83-63.99-.95-11.4,10.2-49.44,10.2-49.44,0,0,7.64,7.12,12.05,9.76s12.34,3.23,17.93-4.11l-20.57-15.28,20.57,15.28s12.07,7.63,17.63-5.65l-25.27-16.94,25.27,16.94s16.75,9.47,21.45-2.87l-32.33-21.16,32.33,21.16s15.44,8.81,21.75-4.41l-37.91-22.34,37.91,22.34s17.05,10.29,22.04-7.05c-10.29-2.06-43.79-20.57-43.79-20.57,0,0,33.5,18.51,43.79,20.57,10.29,2.06,18.51-2.6,19.65-14.83-19.98-5.02-41.99-16.12-41.99-16.12,0,0,22.01,11.1,41.99,16.12h0s0,0,0,0c14.3,3.59,27.57,4.07,30.96-4.89,2.59-6.85-20.77-9.35-61.96-28.91Z\"><\/path><path class=\"cls-1\" d=\"M313.29,278.79c3.84,4.38,6.25,10.06,6.47,16.34.52,14.48-10.8,26.63-25.28,27.15-14.48.52-26.63-10.8-27.15-25.28-.52-14.48,10.8-26.63,25.28-27.15,4.61-.16,8.99.87,12.83,2.83\"><\/path><g><polyline class=\"cls-1\" points=\"274.89 312.13 372.5 190.39 362.67 187.12 406.36 156.05 383.34 204 378.37 195.58 280.87 317.04\"><\/polyline><polyline class=\"cls-1\" points=\"378.37 195.58 376.31 191.41 406.36 156.05\"><\/polyline><line class=\"cls-1\" x1=\"372.5\" y1=\"190.39\" x2=\"376.31\" y2=\"191.41\"><\/line><\/g><path class=\"cls-1\" d=\"M279.22,318.04c-2.46-1.59-4.63-3.58-6.43-5.88\"><\/path><\/g><\/svg>\t\t\t<\/div>\n\t\t<\/div>\n\t\t\t\t<\/div>\n\t\t\t\t<\/div>\n\t\t\t\t\t<\/div>\n\t\t\t\t<\/div>\n\t\t<div class=\"elementor-element elementor-element-02b38ae e-flex e-con-boxed e-con e-parent\" data-id=\"02b38ae\" data-element_type=\"container\" data-settings=\"{&quot;content_width&quot;:&quot;boxed&quot;}\" data-core-v316-plus=\"true\">\n\t\t\t\t\t<div class=\"e-con-inner\">\n\t\t\t\t<div class=\"elementor-element elementor-element-928d54b elementor-widget elementor-widget-heading\" data-id=\"928d54b\" data-element_type=\"widget\" data-widget_type=\"heading.default\">\n\t\t\t\t<div class=\"elementor-widget-container\">\n\t\t\t<h2 class=\"elementor-heading-title elementor-size-default\">POUR LA PASSION...<\/h2>\t\t<\/div>\n\t\t\t\t<\/div>\n\t\t\t\t<div class=\"elementor-element elementor-element-a68b66d elementor-widget elementor-widget-text-editor\" data-id=\"a68b66d\" data-element_type=\"widget\" data-widget_type=\"text-editor.default\">\n\t\t\t\t<div class=\"elementor-widget-container\">\n\t\t\t\t\t\t\t<p>Le titre de <strong>Grand Arbal\u00e9trier<\/strong> sera d\u00e9cern\u00e9 aux personnes ayant oeuvr\u00e9 pour la Compagnie, sans distinction de sexe. Ce titre honorifique sera attribu\u00e9, apr\u00e8s proposition et concertation du conseil d\u2019administration, lors des r\u00e9unions pr\u00e9paratoires. Un oiseau d\u2019or sera remis \u00e0 la personne honor\u00e9e, lors de la c\u00e9r\u00e9monie officielle de la Compagnie des archers du Papogay.<\/p>\t\t\t\t\t\t<\/div>\n\t\t\t\t<\/div>\n\t\t\t\t<div class=\"elementor-element elementor-element-885faa2 elementor-view-default elementor-widget elementor-widget-icon\" data-id=\"885faa2\" data-element_type=\"widget\" data-widget_type=\"icon.default\">\n\t\t\t\t<div class=\"elementor-widget-container\">\n\t\t\t\t\t<div class=\"elementor-icon-wrapper\">\n\t\t\t<div class=\"elementor-icon\">\n\t\t\t<svg xmlns=\"http:\/\/www.w3.org\/2000\/svg\" id=\"Calque_2\" data-name=\"Calque 2\" viewBox=\"0 0 595.28 557.53\"><defs><style>      .cls-1 {        stroke: #ffde00;        stroke-linecap: round;        stroke-linejoin: round;        stroke-width: 4px;      }      .cls-1, .cls-2 {        fill: #00983a;      }      .cls-2 {        stroke-width: 0px;      }    <\/style><\/defs><circle class=\"cls-2\" cx=\"294.51\" cy=\"275.37\" r=\"242.24\"><\/circle><g><polyline class=\"cls-1\" points=\"256.87 334.7 235.01 361.86 222.09 364.97 183.41 413.69 197.98 414.33 201.76 429.44 240.27 379.65 241.02 366.68 257.93 345.48\"><\/polyline><path class=\"cls-1\" d=\"M442.82,233.89c-13.19-6.26-39.98-29.94-70.15-26.22-30.17,3.73-49.06,12.16-58.11,4.58-12.81-10.73,9.78-28.86,10.39-43.62.73-17.54-6.58-21.81-14.19-33.92-7.62-12.12-5.83-26.66,1.38-35.66-28.04,0-19.04,25.62-29.42,34.96-11.22,10.1-20.08,20.77-13.85,36,7.56,18.48,16.96,31.16,5.58,42.16-10.01,9.68-30.07-1.7-57.12-4.5-20.29-2.1-57.73,19.77-71.14,26.14-41.19,19.56-64.56,22.06-61.96,28.91,3.39,8.95,16.66,8.48,30.96,4.89h0s0,0,0,0c19.98-5.02,41.99-16.12,41.99-16.12,0,0-22.01,11.1-41.99,16.12,1.14,12.23,9.36,16.89,19.65,14.83s43.79-20.57,43.79-20.57c0,0-33.5,18.51-43.79,20.57,5,17.34,22.04,7.05,22.04,7.05l37.91-22.34-37.91,22.34c6.3,13.22,21.75,4.41,21.75,4.41l32.33-21.16-32.33,21.16c4.7,12.34,21.45,2.87,21.45,2.87l25.27-16.94-25.27,16.94c5.57,13.27,17.63,5.65,17.63,5.65l20.57-15.28-20.57,15.28c5.58,7.35,13.52,6.76,17.93,4.11s12.05-9.76,12.05-9.76c0,0,11.15,38.04,10.2,49.44-1.87,22.49-13.98,32.78-28.83,63.99-4.19,8.81-3.8,20.27-.63,21.86,3.17,1.58,21.54-9.19,21.54-9.19,0,0,4.87,17.74,7.98,19.01,3.11,1.27,19.9-14.25,19.9-14.25,0,0,11.49,23.92,16.47,24.07,4.98.16,16.86-24,16.86-24,0,0,16.79,15.52,19.9,14.25,3.11-1.27,7.98-19.01,7.98-19.01,0,0,18.37,10.77,21.54,9.19s3.56-13.05-.63-21.86c-14.85-31.21-26.95-41.5-28.83-63.99-.95-11.4,10.2-49.44,10.2-49.44,0,0,7.64,7.12,12.05,9.76s12.34,3.23,17.93-4.11l-20.57-15.28,20.57,15.28s12.07,7.63,17.63-5.65l-25.27-16.94,25.27,16.94s16.75,9.47,21.45-2.87l-32.33-21.16,32.33,21.16s15.44,8.81,21.75-4.41l-37.91-22.34,37.91,22.34s17.05,10.29,22.04-7.05c-10.29-2.06-43.79-20.57-43.79-20.57,0,0,33.5,18.51,43.79,20.57,10.29,2.06,18.51-2.6,19.65-14.83-19.98-5.02-41.99-16.12-41.99-16.12,0,0,22.01,11.1,41.99,16.12h0s0,0,0,0c14.3,3.59,27.57,4.07,30.96-4.89,2.59-6.85-20.77-9.35-61.96-28.91Z\"><\/path><path class=\"cls-1\" d=\"M313.29,278.79c3.84,4.38,6.25,10.06,6.47,16.34.52,14.48-10.8,26.63-25.28,27.15-14.48.52-26.63-10.8-27.15-25.28-.52-14.48,10.8-26.63,25.28-27.15,4.61-.16,8.99.87,12.83,2.83\"><\/path><g><polyline class=\"cls-1\" points=\"274.89 312.13 372.5 190.39 362.67 187.12 406.36 156.05 383.34 204 378.37 195.58 280.87 317.04\"><\/polyline><polyline class=\"cls-1\" points=\"378.37 195.58 376.31 191.41 406.36 156.05\"><\/polyline><line class=\"cls-1\" x1=\"372.5\" y1=\"190.39\" x2=\"376.31\" y2=\"191.41\"><\/line><\/g><path class=\"cls-1\" d=\"M279.22,318.04c-2.46-1.59-4.63-3.58-6.43-5.88\"><\/path><\/g><\/svg>\t\t\t<\/div>\n\t\t<\/div>\n\t\t\t\t<\/div>\n\t\t\t\t<\/div>\n\t\t\t\t\t<\/div>\n\t\t\t\t<\/div>\n\t\t\t\t<\/div>\n\t\t","protected":false},"excerpt":{"rendered":"<p>La Compagnie des archers du Papogay compte plusieurs titres dans son palmar\u00e8s. Le titre de Roi du Papogay (Re\u00ef del Papaga\u00ef) de la Compagnie des Archers du Papogay sera d\u00e9cern\u00e9 \u00e0 l\u2019archer qui aura fait tomber l\u2019oiseau une fois dans la cat\u00e9gorie s\u00e9niors. Le conn\u00e9table sera le meilleur score \u00e0 la cible. Il sera suivit &hellip; <\/p>\n<p class=\"link-more\"><a href=\"https:\/\/ww2.papogay.fr\/index.php\/le-palmares-historique\/\" class=\"more-link\">Continue reading<span class=\"screen-reader-text\"> &#8220;Le palmar\u00e8s historique&#8221;<\/span><\/a><\/p>\n","protected":false},"author":2,"featured_media":0,"parent":0,"menu_order":0,"comment_status":"closed","ping_status":"closed","template":"","meta":{"footnotes":""},"class_list":["post-69","page","type-page","status-publish","hentry"],"_links":{"self":[{"href":"https:\/\/ww2.papogay.fr\/index.php\/wp-json\/wp\/v2\/pages\/69","targetHints":{"allow":["GET"]}}],"collection":[{"href":"https:\/\/ww2.papogay.fr\/index.php\/wp-json\/wp\/v2\/pages"}],"about":[{"href":"https:\/\/ww2.papogay.fr\/index.php\/wp-json\/wp\/v2\/types\/page"}],"author":[{"embeddable":true,"href":"https:\/\/ww2.papogay.fr\/index.php\/wp-json\/wp\/v2\/users\/2"}],"replies":[{"embeddable":true,"href":"https:\/\/ww2.papogay.fr\/index.php\/wp-json\/wp\/v2\/comments?post=69"}],"version-history":[{"count":19,"href":"https:\/\/ww2.papogay.fr\/index.php\/wp-json\/wp\/v2\/pages\/69\/revisions"}],"predecessor-version":[{"id":647,"href":"https:\/\/ww2.papogay.fr\/index.php\/wp-json\/wp\/v2\/pages\/69\/revisions\/647"}],"wp:attachment":[{"href":"https:\/\/ww2.papogay.fr\/index.php\/wp-json\/wp\/v2\/media?parent=69"}],"curies":[{"name":"wp","href":"https:\/\/api.w.org\/{rel}","templated":true}]}}